{"id":5,"date":"2024-08-06T15:18:06","date_gmt":"2024-08-06T15:18:06","guid":{"rendered":"https:\/\/mikus-transport.com\/home\/"},"modified":"2025-07-27T16:00:57","modified_gmt":"2025-07-27T14:00:57","slug":"home","status":"publish","type":"page","link":"https:\/\/mikus-transport.com\/sl\/","title":{"rendered":"Domov"},"content":{"rendered":"<p><br \/><!-- End Google Tag Manager --><\/p>\n\n\n<div class=\"wp-block-group alignfull is-layout-flow wp-block-group-is-layout-flow\" id=\"hero\">\n<div class=\"nfd-stretch-cover-child nfd-bg-gray-800 wp-block-cover\" style=\"margin-top:0;margin-bottom:0;padding-top:0;padding-right:0;padding-bottom:0;padding-left:0;min-height:100vh;aspect-ratio:unset;\"><span aria-hidden=\"true\" class=\"wp-block-cover__background has-background-dim-70 has-background-dim\" style=\"background-color:#5e6d81\"><\/span><img data-recalc-dims=\"1\" loading=\"lazy\" decoding=\"async\" width=\"1440\" height=\"2560\" class=\"wp-block-cover__image-background wp-image-324\" alt=\"Company truck\" src=\"https:\/\/i0.wp.com\/mikus-transport.com\/wp-content\/uploads\/2024\/08\/IMG_6812-1-scaled.jpg?resize=1440%2C2560&#038;ssl=1\" data-object-fit=\"cover\" srcset=\"https:\/\/i0.wp.com\/mikus-transport.com\/wp-content\/uploads\/2024\/08\/IMG_6812-1-scaled.jpg?w=1440&amp;ssl=1 1440w, https:\/\/i0.wp.com\/mikus-transport.com\/wp-content\/uploads\/2024\/08\/IMG_6812-1-scaled.jpg?resize=169%2C300&amp;ssl=1 169w, https:\/\/i0.wp.com\/mikus-transport.com\/wp-content\/uploads\/2024\/08\/IMG_6812-1-scaled.jpg?resize=576%2C1024&amp;ssl=1 576w, https:\/\/i0.wp.com\/mikus-transport.com\/wp-content\/uploads\/2024\/08\/IMG_6812-1-scaled.jpg?resize=768%2C1365&amp;ssl=1 768w, https:\/\/i0.wp.com\/mikus-transport.com\/wp-content\/uploads\/2024\/08\/IMG_6812-1-scaled.jpg?resize=864%2C1536&amp;ssl=1 864w, https:\/\/i0.wp.com\/mikus-transport.com\/wp-content\/uploads\/2024\/08\/IMG_6812-1-scaled.jpg?resize=1152%2C2048&amp;ssl=1 1152w\" sizes=\"auto, (max-width: 1000px) 100vw, 1000px\" \/><div class=\"wp-block-cover__inner-container is-layout-flow wp-block-cover-is-layout-flow\">\n<div class=\"nfd-px-base nfd-grow nfd-w-full md:nfd-border-none alignfull wp-block-group is-vertical is-content-justification-center is-nowrap is-layout-flex wp-container-core-group-is-layout-68c00e40 wp-block-group-is-layout-flex\" style=\"border-top-style:none;border-top-width:0px;border-right-color:var(--wp--preset--color--white);border-right-width:32px;border-bottom-color:var(--wp--preset--color--white);border-bottom-width:32px;border-left-color:var(--wp--preset--color--white);border-left-width:32px\">\n<div style=\"height:0px\" aria-hidden=\"true\" class=\"nfd-my-0 wp-block-spacer wp-container-content-95b39f08\"><\/div>\n\n\n\n<h1 class=\"nfd-text-current nfd-text-giga md:nfd-text-left md:nfd-no-br wp-block-heading has-text-align-center\">Miku\u0161 Transport Mikus Transport<\/h1>\n\n\n\n<div class=\"nfd-text-md md:nfd-justify-start md:nfd-self-start wp-block-group has-global-padding is-content-justification-left is-layout-constrained wp-container-core-group-is-layout-d5209ea4 wp-block-group-is-layout-constrained\">\n<p class=\"md:nfd-text-left has-text-align-center\" style=\"font-size:clamp(14.082px, 0.88rem + ((1vw - 3.2px) * 0.54), 21px);\">Miku\u0161 transport je \u017ee 18 let zaupanja vredno ime v cestnem transportu po Evropi. Zanesite se na nas za varne, pravo\u010dasne in u\u010dinkovite dostave po vsej celini.<\/p>\n<\/div>\n\n\n\n<div class=\"nfd-text-base md:nfd-justify-start wp-block-buttons is-content-justification-left is-layout-flex wp-container-core-buttons-is-layout-499e5160 wp-block-buttons-is-layout-flex\" style=\"margin-top:24px\"><\/div>\n<\/div>\n<\/div><\/div>\n<\/div>\n\n\n\n<div class=\"nfd-p-md nfd-pb-lg nfd-container nfd-gap-xl nfd-bg-surface nfd-theme-white is-style-nfd-theme-white wp-block-group alignfull has-global-padding is-layout-constrained wp-container-core-group-is-layout-81828466 wp-block-group-is-layout-constrained\">\n<div class=\"nfd-container nfd-bg-surface nfd-theme-white is-style-nfd-theme-white wp-block-group has-global-padding is-layout-constrained wp-block-group-is-layout-constrained\">\n<div class=\"wp-block-columns is-layout-flex wp-container-core-columns-is-layout-f5a44f5b wp-block-columns-is-layout-flex\">\n<div class=\"wp-block-column is-vertically-aligned-center is-layout-flow wp-container-core-column-is-layout-1a0eff7f wp-block-column-is-layout-flow\" style=\"flex-basis:50%\">\n<h2 class=\"nfd-text-contrast nfd-text-huge nfd-text-balance wp-block-heading\" style=\"font-style:normal;font-weight:500\">Storitve<\/h2>\n<\/div>\n\n\n\n<div class=\"wp-block-column is-vertically-aligned-center is-layout-flow wp-container-core-column-is-layout-a77db08e wp-block-column-is-layout-flow\" style=\"flex-basis:470px\"><\/div>\n<\/div>\n<\/div>\n\n\n\n<div class=\"nfd-container nfd-bg-surface nfd-theme-white is-style-nfd-theme-white wp-block-group has-global-padding is-layout-constrained wp-block-group-is-layout-constrained\">\n<div class=\"nfd-gap-xl nfd-gap-y-2xl wp-block-columns is-layout-flex wp-container-core-columns-is-layout-28f84493 wp-block-columns-is-layout-flex\">\n<div class=\"wp-block-column is-layout-flow wp-block-column-is-layout-flow\">\n<figure class=\"nfd-rounded-sm wp-block-image size-full\"><img data-recalc-dims=\"1\" decoding=\"async\" src=\"https:\/\/i0.wp.com\/mikus-transport.com\/wp-content\/uploads\/2024\/08\/MikusTr-8.jpg?ssl=1\" alt=\"Company Truck. Mikus Transport\" class=\"wp-image-157\" style=\"aspect-ratio:16\/9;object-fit:cover\"\/><\/figure>\n\n\n\n<div class=\"wp-block-group is-vertical is-content-justification-stretch is-layout-flex wp-container-core-group-is-layout-38a18bb4 wp-block-group-is-layout-flex\">\n<h3 class=\"nfd-text-lg nfd-text-contrast wp-block-heading\">Paletni prevoz<\/h3>\n\n\n\n<p class=\"nfd-text-base nfd-text-balance\">Pri Miku\u0161 Transportu zagotavljamo zanesljiv in varen prevoz palet po vsej Evropi. Na\u0161e prilagojene logisti\u010dne re\u0161itve zagotavljajo, da va\u0161e po\u0161iljke prispejo pravo\u010dasno in v brezhibnem stanju, ne glede na to, ali gre za eno samo paleto ali celoten tovor.<\/p>\n\n\n\n<p class=\"nfd-text-base nfd-text-balance\">Z naprednimi sistemi sledenja in izku\u0161enimi vozniki dajemo prednost varnosti in u\u010dinkovitosti va\u0161ih dostav.<\/p>\n<\/div>\n<\/div>\n\n\n\n<div class=\"wp-block-column is-layout-flow wp-block-column-is-layout-flow\">\n<figure class=\"nfd-rounded-sm wp-block-image size-full\"><img data-recalc-dims=\"1\" decoding=\"async\" src=\"https:\/\/i0.wp.com\/mikus-transport.com\/wp-content\/uploads\/2024\/08\/MikusTr-6.jpg?ssl=1\" alt=\"Miku\u0161 Transport truck\" class=\"wp-image-159\" style=\"aspect-ratio:16\/9;object-fit:cover\"\/><\/figure>\n\n\n\n<div class=\"wp-block-group is-vertical is-content-justification-stretch is-layout-flex wp-container-core-group-is-layout-38a18bb4 wp-block-group-is-layout-flex\">\n<h3 class=\"nfd-text-lg nfd-text-contrast wp-block-heading\">Razsuti tovor<\/h3>\n\n\n\n<p class=\"nfd-text-base nfd-text-balance\">V Miku\u0161 Transport smo specializirani za varen in u\u010dinkovit prevoz drobnega razsutega tovora po Evropi.<\/p>\n\n\n\n<p class=\"nfd-text-base nfd-text-balance\">Od zdrobljenih materialov do pra\u0161kov in granul zagotavljamo, da se z va\u0161im blagom ravna skrbno in natan\u010dno ter zagotavlja prilagojene re\u0161itve za izpolnjevanje va\u0161ih posebnih potreb.<\/p>\n<\/div>\n<\/div>\n\n\n\n<div class=\"wp-block-column is-layout-flow wp-block-column-is-layout-flow\">\n<figure class=\"nfd-rounded-sm wp-block-image size-large\"><img data-recalc-dims=\"1\" loading=\"lazy\" decoding=\"async\" width=\"576\" height=\"1024\" src=\"https:\/\/i0.wp.com\/mikus-transport.com\/wp-content\/uploads\/2024\/08\/IMG_6812-1.jpg?resize=576%2C1024&#038;ssl=1\" alt=\"Company truck\" class=\"wp-image-324\" style=\"aspect-ratio:16\/9;object-fit:cover\" srcset=\"https:\/\/i0.wp.com\/mikus-transport.com\/wp-content\/uploads\/2024\/08\/IMG_6812-1-scaled.jpg?resize=576%2C1024&amp;ssl=1 576w, https:\/\/i0.wp.com\/mikus-transport.com\/wp-content\/uploads\/2024\/08\/IMG_6812-1-scaled.jpg?resize=169%2C300&amp;ssl=1 169w, https:\/\/i0.wp.com\/mikus-transport.com\/wp-content\/uploads\/2024\/08\/IMG_6812-1-scaled.jpg?resize=768%2C1365&amp;ssl=1 768w, https:\/\/i0.wp.com\/mikus-transport.com\/wp-content\/uploads\/2024\/08\/IMG_6812-1-scaled.jpg?resize=864%2C1536&amp;ssl=1 864w, https:\/\/i0.wp.com\/mikus-transport.com\/wp-content\/uploads\/2024\/08\/IMG_6812-1-scaled.jpg?resize=1152%2C2048&amp;ssl=1 1152w, https:\/\/i0.wp.com\/mikus-transport.com\/wp-content\/uploads\/2024\/08\/IMG_6812-1-scaled.jpg?w=1440&amp;ssl=1 1440w\" sizes=\"auto, (max-width: 576px) 100vw, 576px\" \/><\/figure>\n\n\n\n<div class=\"wp-block-group is-vertical is-content-justification-stretch is-layout-flex wp-container-core-group-is-layout-38a18bb4 wp-block-group-is-layout-flex\">\n<h3 class=\"nfd-text-lg nfd-text-contrast wp-block-heading\">Kompakten transport tovora<\/h3>\n\n\n\n<p class=\"nfd-text-base nfd-text-balance\">Ko se \u0161irimo na podro\u010dje prevoza kompaktnih tovorov, nudimo specializirane storitve po vsej Evropi.<\/p>\n\n\n\n<p class=\"nfd-text-base nfd-text-balance\">Ne glede na to, ali po\u0161iljate manj\u0161e koli\u010dine, na\u0161e prilagojene re\u0161itve omogo\u010dajo varno in u\u010dinkovito dostavo s popolno vidljivostjo med celotno potjo.<\/p>\n<\/div>\n<\/div>\n<\/div>\n<\/div>\n<\/div>\n\n\n\n<div class=\"nfd-p-md nfd-pb-lg nfd-container nfd-bg-surface nfd-theme-white is-style-nfd-theme-white wp-block-group has-global-padding is-layout-constrained wp-container-core-group-is-layout-24bd993d wp-block-group-is-layout-constrained\">\n<div class=\"nfd-gap-3xl wp-block-columns are-vertically-aligned-center is-layout-flex wp-container-core-columns-is-layout-28f84493 wp-block-columns-is-layout-flex\">\n<div class=\"md:nfd-order-2 wp-block-column is-vertically-aligned-center is-layout-flow wp-container-core-column-is-layout-369f67fb wp-block-column-is-layout-flow\" style=\"flex-basis:50%\">\n<div class=\"nfd-gap-md wp-block-group is-vertical is-layout-flex wp-container-core-group-is-layout-fe9cc265 wp-block-group-is-layout-flex\">\n<p class=\"nfd-text-primary nfd-text-sm\" style=\"font-style:normal;font-weight:600;letter-spacing:0.05em;text-transform:uppercase\">Uspeh<\/p>\n\n\n\n<h3 class=\"nfd-text-xl nfd-text-contrast nfd-text-balance wp-block-heading\">Va\u0161 izbrani cestni prevoz!<\/h3>\n<\/div>\n\n\n\n<div class=\"nfd-gap-0 wp-block-group is-content-justification-left is-nowrap is-layout-flex wp-container-core-group-is-layout-327ecd92 wp-block-group-is-layout-flex\">\n<div class=\"nfd-gap-sm wp-block-group is-layout-flex wp-container-core-group-is-layout-053f1bc6 wp-block-group-is-layout-flex\" style=\"border-top-left-radius:3px;border-top-right-radius:0px;border-bottom-left-radius:40px;border-bottom-right-radius:0px;border-top-width:1px;border-right-style:none;border-right-width:0px;border-bottom-width:1px;border-left-width:1px;padding-top:24px;padding-right:40px;padding-bottom:24px;padding-left:40px\">\n<p class=\"nfd-text-lg nfd-text-primary has-text-align-center\" style=\"font-style:normal;font-weight:700;line-height:1.3\">12<\/p>\n\n\n\n<p class=\"nfd-text-base nfd-text-faded has-text-align-center\">Vozila<\/p>\n<\/div>\n\n\n\n<div class=\"nfd-gap-sm wp-block-group is-layout-flex wp-container-core-group-is-layout-053f1bc6 wp-block-group-is-layout-flex\" style=\"border-width:1px;border-top-left-radius:0px;border-top-right-radius:40px;border-bottom-left-radius:0px;border-bottom-right-radius:3px;padding-top:24px;padding-right:40px;padding-bottom:24px;padding-left:40px\">\n<p class=\"nfd-text-lg nfd-text-primary has-text-align-center\" style=\"font-style:normal;font-weight:700;line-height:1.3\">18<\/p>\n\n\n\n<p class=\"nfd-text-base nfd-text-faded has-text-align-center\">Leta<\/p>\n<\/div>\n<\/div>\n\n\n\n<div class=\"wp-block-buttons is-horizontal is-content-justification-left is-layout-flex wp-container-core-buttons-is-layout-c4719c80 wp-block-buttons-is-layout-flex\">\n<div class=\"nfd-btn-xl nfd-rounded-full wp-block-button\"><a class=\"wp-block-button__link wp-element-button\" href=\"https:\/\/mikus-transport.com\/sl\/\">Na\u0161a zgodba<\/a><\/div>\n<\/div>\n<\/div>\n\n\n\n<div class=\"wp-block-column is-vertically-aligned-center is-layout-flow wp-block-column-is-layout-flow\" style=\"flex-basis:50%\">\n<div class=\"wp-block-group has-global-padding is-layout-constrained wp-block-group-is-layout-constrained\">\n<figure class=\"nfd-rounded wp-block-image size-full\"><img data-recalc-dims=\"1\" loading=\"lazy\" decoding=\"async\" width=\"416\" height=\"186\" src=\"https:\/\/i0.wp.com\/mikus-transport.com\/wp-content\/uploads\/2025\/03\/maillogo.png?resize=416%2C186&#038;ssl=1\" alt=\"Main logo\" class=\"wp-image-327\" srcset=\"https:\/\/i0.wp.com\/mikus-transport.com\/wp-content\/uploads\/2025\/03\/maillogo.png?w=416&amp;ssl=1 416w, https:\/\/i0.wp.com\/mikus-transport.com\/wp-content\/uploads\/2025\/03\/maillogo.png?resize=300%2C134&amp;ssl=1 300w\" sizes=\"auto, (max-width: 416px) 100vw, 416px\" \/><\/figure>\n<\/div>\n<\/div>\n<\/div>\n\n\n\n<div class=\"nfd-gap-3xl wp-block-columns are-vertically-aligned-center is-layout-flex wp-container-core-columns-is-layout-28f84493 wp-block-columns-is-layout-flex\">\n<div class=\"wp-block-column is-vertically-aligned-center is-layout-flow wp-block-column-is-layout-flow\" style=\"flex-basis:50%\">\n<div class=\"wp-block-group has-global-padding is-layout-constrained wp-block-group-is-layout-constrained\">\n<figure class=\"nfd-rounded wp-block-image size-large\"><img data-recalc-dims=\"1\" loading=\"lazy\" decoding=\"async\" width=\"1024\" height=\"683\" src=\"https:\/\/i0.wp.com\/mikus-transport.com\/wp-content\/uploads\/2024\/08\/MikusTr-9.jpg?resize=1024%2C683&#038;ssl=1\" alt=\"Company truck. Mikus\" class=\"wp-image-162\" style=\"aspect-ratio:1;object-fit:cover\" srcset=\"https:\/\/i0.wp.com\/mikus-transport.com\/wp-content\/uploads\/2024\/08\/MikusTr-9-scaled.jpg?resize=1024%2C683&amp;ssl=1 1024w, https:\/\/i0.wp.com\/mikus-transport.com\/wp-content\/uploads\/2024\/08\/MikusTr-9-scaled.jpg?resize=300%2C200&amp;ssl=1 300w, https:\/\/i0.wp.com\/mikus-transport.com\/wp-content\/uploads\/2024\/08\/MikusTr-9-scaled.jpg?resize=768%2C512&amp;ssl=1 768w, https:\/\/i0.wp.com\/mikus-transport.com\/wp-content\/uploads\/2024\/08\/MikusTr-9-scaled.jpg?resize=1536%2C1024&amp;ssl=1 1536w, https:\/\/i0.wp.com\/mikus-transport.com\/wp-content\/uploads\/2024\/08\/MikusTr-9-scaled.jpg?w=2000&amp;ssl=1 2000w\" sizes=\"auto, (max-width: 1000px) 100vw, 1000px\" \/><\/figure>\n<\/div>\n<\/div>\n\n\n\n<div class=\"md:nfd-order-2 wp-block-column is-vertically-aligned-center is-layout-flow wp-container-core-column-is-layout-369f67fb wp-block-column-is-layout-flow\" style=\"flex-basis:50%\">\n<div class=\"nfd-gap-md wp-block-group is-vertical is-layout-flex wp-container-core-group-is-layout-fe9cc265 wp-block-group-is-layout-flex\">\n<p class=\"nfd-text-primary nfd-text-sm\" style=\"font-style:normal;font-weight:600;letter-spacing:0.05em;text-transform:uppercase\">Dobiti slu\u017ebo<\/p>\n\n\n\n<h3 class=\"nfd-text-xl nfd-text-contrast nfd-text-balance wp-block-heading\"><strong>Odprta delovna mesta<\/strong><\/h3>\n<\/div>\n\n\n\n<div class=\"nfd-text-md wp-block-group is-nowrap is-layout-flex wp-container-core-group-is-layout-6c531013 wp-block-group-is-layout-flex\">\n<p class=\"has-text-align-left\"><strong>Voznik<\/strong><\/p>\n\n\n\n<p class=\"has-text-align-left\"><strong>Upravljanje tovornjaka<\/strong><\/p>\n<\/div>\n\n\n\n<div class=\"nfd-text-md wp-block-buttons is-content-justification-left is-layout-flex wp-container-core-buttons-is-layout-fc4fd283 wp-block-buttons-is-layout-flex\">\n<div class=\"nfd-btn-xl nfd-rounded-full wp-block-button\"><a class=\"wp-block-button__link wp-element-button\" href=\"https:\/\/mikus-transport.com\/sl\/employment\/\">Prijavi se tukaj<\/a><\/div>\n<\/div>\n<\/div>\n<\/div>\n<\/div>","protected":false},"excerpt":{"rendered":"<p>Services Pallet Transport At Miku\u0161 Transport, we provide reliable and secure pallet transport across Europe. Our tailored logistics solutions ensure that your shipments arrive on time and in perfect condition, whether it\u2019s a single pallet or a full truckload. With advanced tracking systems and experienced drivers, we prioritize the safety and efficiency of your deliveries. [&hellip;]<\/p>\n","protected":false},"author":1,"featured_media":0,"parent":0,"menu_order":0,"comment_status":"closed","ping_status":"closed","template":"","meta":{"_monsterinsights_skip_tracking":false,"_monsterinsights_sitenote_active":false,"_monsterinsights_sitenote_note":"","_monsterinsights_sitenote_category":0,"footnotes":""},"class_list":["post-5","page","type-page","status-publish","hentry"],"yoast_head":"<!-- This site is optimized with the Yoast SEO plugin v27.5 - https:\/\/yoast.com\/product\/yoast-seo-wordpress\/ -->\n<title>Miku\u0161 d.o.o. Transport and Logistics<\/title>\n<meta name=\"description\" content=\"Miku\u0161 Transport offers pallet, bulk, and compact cargo shipping across Europe with over 18 years of trusted experience.\" \/>\n<meta name=\"robots\" content=\"index, follow, max-snippet:-1, max-image-preview:large, max-video-preview:-1\" \/>\n<link rel=\"canonical\" href=\"https:\/\/mikus-transport.com\/sl\/\" \/>\n<meta property=\"og:locale\" content=\"sl_SI\" \/>\n<meta property=\"og:type\" content=\"article\" \/>\n<meta property=\"og:title\" content=\"Miku\u0161 d.o.o. Transport and Logistics\" \/>\n<meta property=\"og:description\" content=\"Miku\u0161 Transport offers pallet, bulk, and compact cargo shipping across Europe with over 18 years of trusted experience.\" \/>\n<meta property=\"og:url\" content=\"https:\/\/mikus-transport.com\/sl\/\" \/>\n<meta property=\"og:site_name\" content=\"mikus-transport.com\" \/>\n<meta property=\"article:modified_time\" content=\"2025-07-27T14:00:57+00:00\" \/>\n<meta property=\"og:image\" content=\"https:\/\/mikus-transport.com\/wp-content\/uploads\/2024\/08\/IMG_6812-1-scaled.jpg\" \/>\n<meta name=\"twitter:card\" content=\"summary_large_image\" \/>\n<meta name=\"twitter:label1\" content=\"Est. reading time\" \/>\n\t<meta name=\"twitter:data1\" content=\"3 minute\" \/>\n<script type=\"application\/ld+json\" class=\"yoast-schema-graph\">{\"@context\":\"https:\\\/\\\/schema.org\",\"@graph\":[{\"@type\":\"WebPage\",\"@id\":\"https:\\\/\\\/mikus-transport.com\\\/\",\"url\":\"https:\\\/\\\/mikus-transport.com\\\/\",\"name\":\"Miku\u0161 d.o.o. Transport and Logistics\",\"isPartOf\":{\"@id\":\"https:\\\/\\\/mikus-transport.com\\\/#website\"},\"primaryImageOfPage\":{\"@id\":\"https:\\\/\\\/mikus-transport.com\\\/#primaryimage\"},\"image\":{\"@id\":\"https:\\\/\\\/mikus-transport.com\\\/#primaryimage\"},\"thumbnailUrl\":\"https:\\\/\\\/mikus-transport.com\\\/wp-content\\\/uploads\\\/2024\\\/08\\\/IMG_6812-1-scaled.jpg\",\"datePublished\":\"2024-08-06T15:18:06+00:00\",\"dateModified\":\"2025-07-27T14:00:57+00:00\",\"description\":\"Miku\u0161 Transport offers pallet, bulk, and compact cargo shipping across Europe with over 18 years of trusted experience.\",\"breadcrumb\":{\"@id\":\"https:\\\/\\\/mikus-transport.com\\\/#breadcrumb\"},\"inLanguage\":\"sl-SI\",\"potentialAction\":[{\"@type\":\"ReadAction\",\"target\":[\"https:\\\/\\\/mikus-transport.com\\\/\"]}]},{\"@type\":\"ImageObject\",\"inLanguage\":\"sl-SI\",\"@id\":\"https:\\\/\\\/mikus-transport.com\\\/#primaryimage\",\"url\":\"https:\\\/\\\/mikus-transport.com\\\/wp-content\\\/uploads\\\/2024\\\/08\\\/IMG_6812-1-scaled.jpg\",\"contentUrl\":\"https:\\\/\\\/mikus-transport.com\\\/wp-content\\\/uploads\\\/2024\\\/08\\\/IMG_6812-1-scaled.jpg\"},{\"@type\":\"BreadcrumbList\",\"@id\":\"https:\\\/\\\/mikus-transport.com\\\/#breadcrumb\",\"itemListElement\":[{\"@type\":\"ListItem\",\"position\":1,\"name\":\"Home\",\"item\":\"https:\\\/\\\/mikus-transport.com\\\/\"},{\"@type\":\"ListItem\",\"position\":2,\"name\":\"Home\"}]},{\"@type\":\"WebSite\",\"@id\":\"https:\\\/\\\/mikus-transport.com\\\/#website\",\"url\":\"https:\\\/\\\/mikus-transport.com\\\/\",\"name\":\"miku\u0161 transport\",\"description\":\"Looking for reliable road transport in Slovenia? Miku\u0161 Transport offers pallet, bulk, and compact cargo shipping across Europe with over 18 years of trusted experience.\",\"publisher\":{\"@id\":\"https:\\\/\\\/mikus-transport.com\\\/#organization\"},\"potentialAction\":[{\"@type\":\"SearchAction\",\"target\":{\"@type\":\"EntryPoint\",\"urlTemplate\":\"https:\\\/\\\/mikus-transport.com\\\/?s={search_term_string}\"},\"query-input\":{\"@type\":\"PropertyValueSpecification\",\"valueRequired\":true,\"valueName\":\"search_term_string\"}}],\"inLanguage\":\"sl-SI\"},{\"@type\":\"Organization\",\"@id\":\"https:\\\/\\\/mikus-transport.com\\\/#organization\",\"name\":\"miku\u0161 transport\",\"url\":\"https:\\\/\\\/mikus-transport.com\\\/\",\"logo\":{\"@type\":\"ImageObject\",\"inLanguage\":\"sl-SI\",\"@id\":\"https:\\\/\\\/mikus-transport.com\\\/#\\\/schema\\\/logo\\\/image\\\/\",\"url\":\"https:\\\/\\\/mikus-transport.com\\\/wp-content\\\/uploads\\\/2025\\\/02\\\/Artboard-1-copy-4.png\",\"contentUrl\":\"https:\\\/\\\/mikus-transport.com\\\/wp-content\\\/uploads\\\/2025\\\/02\\\/Artboard-1-copy-4.png\",\"width\":1250,\"height\":1251,\"caption\":\"miku\u0161 transport\"},\"image\":{\"@id\":\"https:\\\/\\\/mikus-transport.com\\\/#\\\/schema\\\/logo\\\/image\\\/\"}}]}<\/script>\n<!-- \/ Yoast SEO plugin. -->","yoast_head_json":{"title":"Miku\u0161 d.o.o. Transport and Logistics","description":"Miku\u0161 Transport offers pallet, bulk, and compact cargo shipping across Europe with over 18 years of trusted experience.","robots":{"index":"index","follow":"follow","max-snippet":"max-snippet:-1","max-image-preview":"max-image-preview:large","max-video-preview":"max-video-preview:-1"},"canonical":"https:\/\/mikus-transport.com\/sl\/","og_locale":"sl_SI","og_type":"article","og_title":"Miku\u0161 d.o.o. Transport and Logistics","og_description":"Miku\u0161 Transport offers pallet, bulk, and compact cargo shipping across Europe with over 18 years of trusted experience.","og_url":"https:\/\/mikus-transport.com\/sl\/","og_site_name":"mikus-transport.com","article_modified_time":"2025-07-27T14:00:57+00:00","og_image":[{"url":"https:\/\/mikus-transport.com\/wp-content\/uploads\/2024\/08\/IMG_6812-1-scaled.jpg","type":"","width":"","height":""}],"twitter_card":"summary_large_image","twitter_misc":{"Est. reading time":"3 minute"},"schema":{"@context":"https:\/\/schema.org","@graph":[{"@type":"WebPage","@id":"https:\/\/mikus-transport.com\/","url":"https:\/\/mikus-transport.com\/","name":"Miku\u0161 d.o.o. Transport and Logistics","isPartOf":{"@id":"https:\/\/mikus-transport.com\/#website"},"primaryImageOfPage":{"@id":"https:\/\/mikus-transport.com\/#primaryimage"},"image":{"@id":"https:\/\/mikus-transport.com\/#primaryimage"},"thumbnailUrl":"https:\/\/mikus-transport.com\/wp-content\/uploads\/2024\/08\/IMG_6812-1-scaled.jpg","datePublished":"2024-08-06T15:18:06+00:00","dateModified":"2025-07-27T14:00:57+00:00","description":"Miku\u0161 Transport offers pallet, bulk, and compact cargo shipping across Europe with over 18 years of trusted experience.","breadcrumb":{"@id":"https:\/\/mikus-transport.com\/#breadcrumb"},"inLanguage":"sl-SI","potentialAction":[{"@type":"ReadAction","target":["https:\/\/mikus-transport.com\/"]}]},{"@type":"ImageObject","inLanguage":"sl-SI","@id":"https:\/\/mikus-transport.com\/#primaryimage","url":"https:\/\/mikus-transport.com\/wp-content\/uploads\/2024\/08\/IMG_6812-1-scaled.jpg","contentUrl":"https:\/\/mikus-transport.com\/wp-content\/uploads\/2024\/08\/IMG_6812-1-scaled.jpg"},{"@type":"BreadcrumbList","@id":"https:\/\/mikus-transport.com\/#breadcrumb","itemListElement":[{"@type":"ListItem","position":1,"name":"Home","item":"https:\/\/mikus-transport.com\/"},{"@type":"ListItem","position":2,"name":"Home"}]},{"@type":"WebSite","@id":"https:\/\/mikus-transport.com\/#website","url":"https:\/\/mikus-transport.com\/","name":"prevoz miku\u0161","description":"Looking for reliable road transport in Slovenia? Miku\u0161 Transport offers pallet, bulk, and compact cargo shipping across Europe with over 18 years of trusted experience.","publisher":{"@id":"https:\/\/mikus-transport.com\/#organization"},"potentialAction":[{"@type":"SearchAction","target":{"@type":"EntryPoint","urlTemplate":"https:\/\/mikus-transport.com\/?s={search_term_string}"},"query-input":{"@type":"PropertyValueSpecification","valueRequired":true,"valueName":"search_term_string"}}],"inLanguage":"sl-SI"},{"@type":"Organization","@id":"https:\/\/mikus-transport.com\/#organization","name":"prevoz miku\u0161","url":"https:\/\/mikus-transport.com\/","logo":{"@type":"ImageObject","inLanguage":"sl-SI","@id":"https:\/\/mikus-transport.com\/#\/schema\/logo\/image\/","url":"https:\/\/mikus-transport.com\/wp-content\/uploads\/2025\/02\/Artboard-1-copy-4.png","contentUrl":"https:\/\/mikus-transport.com\/wp-content\/uploads\/2025\/02\/Artboard-1-copy-4.png","width":1250,"height":1251,"caption":"miku\u0161 transport"},"image":{"@id":"https:\/\/mikus-transport.com\/#\/schema\/logo\/image\/"}}]}},"jetpack_sharing_enabled":true,"_links":{"self":[{"href":"https:\/\/mikus-transport.com\/sl\/wp-json\/wp\/v2\/pages\/5","targetHints":{"allow":["GET"]}}],"collection":[{"href":"https:\/\/mikus-transport.com\/sl\/wp-json\/wp\/v2\/pages"}],"about":[{"href":"https:\/\/mikus-transport.com\/sl\/wp-json\/wp\/v2\/types\/page"}],"author":[{"embeddable":true,"href":"https:\/\/mikus-transport.com\/sl\/wp-json\/wp\/v2\/users\/1"}],"replies":[{"embeddable":true,"href":"https:\/\/mikus-transport.com\/sl\/wp-json\/wp\/v2\/comments?post=5"}],"version-history":[{"count":4,"href":"https:\/\/mikus-transport.com\/sl\/wp-json\/wp\/v2\/pages\/5\/revisions"}],"predecessor-version":[{"id":329,"href":"https:\/\/mikus-transport.com\/sl\/wp-json\/wp\/v2\/pages\/5\/revisions\/329"}],"wp:attachment":[{"href":"https:\/\/mikus-transport.com\/sl\/wp-json\/wp\/v2\/media?parent=5"}],"curies":[{"name":"wp","href":"https:\/\/api.w.org\/{rel}","templated":true}]}}