{"id":136,"date":"2024-08-10T14:23:26","date_gmt":"2024-08-10T14:23:26","guid":{"rendered":"https:\/\/mikus-transport.com\/?page_id=136"},"modified":"2025-03-22T23:02:43","modified_gmt":"2025-03-22T22:02:43","slug":"bulk-cargo","status":"publish","type":"page","link":"https:\/\/mikus-transport.com\/sl\/bulk-cargo\/","title":{"rendered":"Razsuti tovor"},"content":{"rendered":"<div class=\"wp-block-columns is-layout-flex wp-container-core-columns-is-layout-28f84493 wp-block-columns-is-layout-flex\">\n<div class=\"wp-block-column is-layout-flow wp-block-column-is-layout-flow\" style=\"flex-basis:25%\"><\/div>\n\n\n\n<div class=\"wp-block-column is-layout-flow wp-block-column-is-layout-flow\" style=\"flex-basis:50%\">\n<figure class=\"wp-block-image aligncenter size-full is-resized lemmony-animation\" style=\"--lemmony-animation-name:lemmonyFadeIn\"><img data-recalc-dims=\"1\" loading=\"lazy\" decoding=\"async\" width=\"512\" height=\"512\" src=\"https:\/\/i0.wp.com\/mikus-transport.com\/wp-content\/uploads\/2024\/08\/truck.png?resize=512%2C512&#038;ssl=1\" alt=\"Bulk Cargo image. Little truck icon.\" class=\"wp-image-185\" style=\"width:191px;height:auto\" srcset=\"https:\/\/i0.wp.com\/mikus-transport.com\/wp-content\/uploads\/2024\/08\/truck.png?w=512&amp;ssl=1 512w, https:\/\/i0.wp.com\/mikus-transport.com\/wp-content\/uploads\/2024\/08\/truck.png?resize=300%2C300&amp;ssl=1 300w, https:\/\/i0.wp.com\/mikus-transport.com\/wp-content\/uploads\/2024\/08\/truck.png?resize=150%2C150&amp;ssl=1 150w\" sizes=\"auto, (max-width: 512px) 100vw, 512px\" \/><\/figure>\n<\/div>\n\n\n\n<div class=\"wp-block-column is-layout-flow wp-block-column-is-layout-flow\" style=\"flex-basis:25%\"><\/div>\n<\/div>\n\n\n\n<div class=\"wp-block-group has-global-padding is-layout-constrained wp-block-group-is-layout-constrained\">\n<div class=\"wp-block-columns is-layout-flex wp-container-core-columns-is-layout-28f84493 wp-block-columns-is-layout-flex\">\n<div class=\"wp-block-column is-layout-flow wp-block-column-is-layout-flow\" style=\"flex-basis:100%\">\n<div class=\"wp-block-group alignfull is-layout-flow wp-block-group-is-layout-flow\">\n<div class=\"wp-block-group alignfull has-global-padding is-layout-constrained wp-container-core-group-is-layout-40b5fae2 wp-block-group-is-layout-constrained\" style=\"padding-top:var(--wp--preset--spacing--superbspacing-xxlarge);padding-right:var(--wp--preset--spacing--superbspacing-small);padding-bottom:var(--wp--preset--spacing--superbspacing-xxlarge);padding-left:var(--wp--preset--spacing--superbspacing-small)\">\n<h4 class=\"wp-block-heading has-text-align-center has-primary-color has-text-color has-superbfont-xxsmall-font-size\" style=\"font-style:normal;font-weight:700;letter-spacing:5px;text-transform:uppercase\">kaj po\u010dnemo!<\/h4>\n\n\n\n<div class=\"wp-block-group is-layout-flow wp-container-core-group-is-layout-3fbca637 wp-block-group-is-layout-flow\">\n<p class=\"has-text-align-center has-superbfont-small-font-size\">Pri <strong>Miku\u0161 Transport,<\/strong>, smo specializirani za <strong>u\u010dinkovit transport<\/strong> za droben razsuti tovor, vklju\u010dno z <strong>zdrobljenimi materiali, pra\u0161ki, granule<\/strong>, in drugo razsuto blago. Na\u0161e strokovno znanje zagotavlja <strong>varna in natan\u010dna dostava<\/strong> po Evropi.<\/p>\n\n\n\n<p class=\"has-text-align-center\">Na\u0161a <strong>moderna flota<\/strong> omogo\u010da <strong>finemu razsutemu tovoru<\/strong> primerno <strong>stabilnost in varnost<\/strong> med tranzitom. Ne glede na to, ali se preva\u017eajo <strong>surovine, kmetijski proizvodi<\/strong>, ali fino zdrobljeno blago, za katere nudimo <strong>prilagojene logisti\u010dne re\u0161itve<\/strong> za izpolnitev va\u0161ih potreb.<\/p>\n\n\n\n<p class=\"has-text-align-center\">Ponujamo <strong>poln tovornjak<\/strong> in <strong>mo\u017enosti prevoza delne obremenitve<\/strong>, kar vam omogo\u010da prilagodljivost glede na koli\u010dino po\u0161iljke. pri <strong>Miku\u0161 Transport,<\/strong>, dajemo prednost <strong>u\u010dinkovitosti in natan\u010dnosti<\/strong> kjer zagotovimo, da va\u0161 tovor prispe <strong>pravo\u010dasno<\/strong> in v <strong>optimalnem stanju<\/strong>. Z <strong>sledenjem v realnem \u010dasu<\/strong> in <strong>namensko podporo strankam<\/strong>, imate ves \u010das potovanja popoln pregled nad svojo po\u0161iljko.<\/p>\n\n\n\n<p class=\"has-text-align-center has-superbfont-small-font-size\">Za <strong>zanesljiv prevoz drobnega razsutega tovora po Evropi<\/strong>, zaupajte <strong>Miku\u0161 Transport,<\/strong> ki poskrbi za <strong>skrbnost, natan\u010dnost<\/strong>, in <strong>u\u010dinkovitost<\/strong>.<\/p>\n<\/div>\n<\/div>\n<\/div>\n<\/div>\n<\/div>\n<\/div>\n\n\n\n<div class=\"wp-block-buttons is-layout-flex wp-block-buttons-is-layout-flex\">\n<div class=\"wp-block-button\"><a class=\"wp-block-button__link has-body-color has-transparent-background-color has-text-color has-background has-link-color wp-element-button\" href=\"https:\/\/mikus-transport.com\/sl\/services\/\">\u2190 Pojdi nazaj<\/a><\/div>\n<\/div>","protected":false},"excerpt":{"rendered":"<p>what we do! At Miku\u0161 Transport, we specialize in efficient transport for fine bulk cargo, including crushed materials, powders, granules, and other bulk goods. Our expertise ensures secure and precise delivery across Europe. Our modern fleet handles fine bulk cargo with stability and safety during transit. Whether you\u2019re moving raw materials, agricultural products, or finely [&hellip;]<\/p>\n","protected":false},"author":1,"featured_media":0,"parent":0,"menu_order":0,"comment_status":"closed","ping_status":"closed","template":"","meta":{"_monsterinsights_skip_tracking":false,"_monsterinsights_sitenote_active":false,"_monsterinsights_sitenote_note":"","_monsterinsights_sitenote_category":0,"footnotes":""},"class_list":["post-136","page","type-page","status-publish","hentry"],"yoast_head":"<!-- This site is optimized with the Yoast SEO plugin v27.5 - https:\/\/yoast.com\/product\/yoast-seo-wordpress\/ -->\n<title>Miku\u0161 d.o.o. Transport and Logistics: Bulk Cargo<\/title>\n<meta name=\"description\" content=\"Miku\u0161 Transport specializes in transport of fine bulk cargo across Europe. From crushed materials to powders and granule.\" \/>\n<meta name=\"robots\" content=\"index, follow, max-snippet:-1, max-image-preview:large, max-video-preview:-1\" \/>\n<link rel=\"canonical\" href=\"https:\/\/mikus-transport.com\/sl\/bulk-cargo\/\" \/>\n<meta property=\"og:locale\" content=\"sl_SI\" \/>\n<meta property=\"og:type\" content=\"article\" \/>\n<meta property=\"og:title\" content=\"Miku\u0161 d.o.o. Transport and Logistics: Bulk Cargo\" \/>\n<meta property=\"og:description\" content=\"Miku\u0161 Transport specializes in transport of fine bulk cargo across Europe. From crushed materials to powders and granule.\" \/>\n<meta property=\"og:url\" content=\"https:\/\/mikus-transport.com\/sl\/bulk-cargo\/\" \/>\n<meta property=\"og:site_name\" content=\"mikus-transport.com\" \/>\n<meta property=\"article:modified_time\" content=\"2025-03-22T22:02:43+00:00\" \/>\n<meta property=\"og:image\" content=\"https:\/\/mikus-transport.com\/wp-content\/uploads\/2024\/08\/truck.png\" \/>\n<meta name=\"twitter:card\" content=\"summary_large_image\" \/>\n<meta name=\"twitter:label1\" content=\"Est. reading time\" \/>\n\t<meta name=\"twitter:data1\" content=\"1 minuta\" \/>\n<script type=\"application\/ld+json\" class=\"yoast-schema-graph\">{\"@context\":\"https:\\\/\\\/schema.org\",\"@graph\":[{\"@type\":\"WebPage\",\"@id\":\"https:\\\/\\\/mikus-transport.com\\\/bulk-cargo\\\/\",\"url\":\"https:\\\/\\\/mikus-transport.com\\\/bulk-cargo\\\/\",\"name\":\"Miku\u0161 d.o.o. Transport and Logistics: Bulk Cargo\",\"isPartOf\":{\"@id\":\"https:\\\/\\\/mikus-transport.com\\\/#website\"},\"primaryImageOfPage\":{\"@id\":\"https:\\\/\\\/mikus-transport.com\\\/bulk-cargo\\\/#primaryimage\"},\"image\":{\"@id\":\"https:\\\/\\\/mikus-transport.com\\\/bulk-cargo\\\/#primaryimage\"},\"thumbnailUrl\":\"https:\\\/\\\/mikus-transport.com\\\/wp-content\\\/uploads\\\/2024\\\/08\\\/truck.png\",\"datePublished\":\"2024-08-10T14:23:26+00:00\",\"dateModified\":\"2025-03-22T22:02:43+00:00\",\"description\":\"Miku\u0161 Transport specializes in transport of fine bulk cargo across Europe. From crushed materials to powders and granule.\",\"breadcrumb\":{\"@id\":\"https:\\\/\\\/mikus-transport.com\\\/bulk-cargo\\\/#breadcrumb\"},\"inLanguage\":\"sl-SI\",\"potentialAction\":[{\"@type\":\"ReadAction\",\"target\":[\"https:\\\/\\\/mikus-transport.com\\\/bulk-cargo\\\/\"]}]},{\"@type\":\"ImageObject\",\"inLanguage\":\"sl-SI\",\"@id\":\"https:\\\/\\\/mikus-transport.com\\\/bulk-cargo\\\/#primaryimage\",\"url\":\"https:\\\/\\\/mikus-transport.com\\\/wp-content\\\/uploads\\\/2024\\\/08\\\/truck.png\",\"contentUrl\":\"https:\\\/\\\/mikus-transport.com\\\/wp-content\\\/uploads\\\/2024\\\/08\\\/truck.png\"},{\"@type\":\"BreadcrumbList\",\"@id\":\"https:\\\/\\\/mikus-transport.com\\\/bulk-cargo\\\/#breadcrumb\",\"itemListElement\":[{\"@type\":\"ListItem\",\"position\":1,\"name\":\"Home\",\"item\":\"https:\\\/\\\/mikus-transport.com\\\/\"},{\"@type\":\"ListItem\",\"position\":2,\"name\":\"Bulk Cargo\"}]},{\"@type\":\"WebSite\",\"@id\":\"https:\\\/\\\/mikus-transport.com\\\/#website\",\"url\":\"https:\\\/\\\/mikus-transport.com\\\/\",\"name\":\"miku\u0161 transport\",\"description\":\"Looking for reliable road transport in Slovenia? Miku\u0161 Transport offers pallet, bulk, and compact cargo shipping across Europe with over 18 years of trusted experience.\",\"publisher\":{\"@id\":\"https:\\\/\\\/mikus-transport.com\\\/#organization\"},\"potentialAction\":[{\"@type\":\"SearchAction\",\"target\":{\"@type\":\"EntryPoint\",\"urlTemplate\":\"https:\\\/\\\/mikus-transport.com\\\/?s={search_term_string}\"},\"query-input\":{\"@type\":\"PropertyValueSpecification\",\"valueRequired\":true,\"valueName\":\"search_term_string\"}}],\"inLanguage\":\"sl-SI\"},{\"@type\":\"Organization\",\"@id\":\"https:\\\/\\\/mikus-transport.com\\\/#organization\",\"name\":\"miku\u0161 transport\",\"url\":\"https:\\\/\\\/mikus-transport.com\\\/\",\"logo\":{\"@type\":\"ImageObject\",\"inLanguage\":\"sl-SI\",\"@id\":\"https:\\\/\\\/mikus-transport.com\\\/#\\\/schema\\\/logo\\\/image\\\/\",\"url\":\"https:\\\/\\\/mikus-transport.com\\\/wp-content\\\/uploads\\\/2025\\\/02\\\/Artboard-1-copy-4.png\",\"contentUrl\":\"https:\\\/\\\/mikus-transport.com\\\/wp-content\\\/uploads\\\/2025\\\/02\\\/Artboard-1-copy-4.png\",\"width\":1250,\"height\":1251,\"caption\":\"miku\u0161 transport\"},\"image\":{\"@id\":\"https:\\\/\\\/mikus-transport.com\\\/#\\\/schema\\\/logo\\\/image\\\/\"}}]}<\/script>\n<!-- \/ Yoast SEO plugin. -->","yoast_head_json":{"title":"Miku\u0161 d.o.o. Transport and Logistics: Bulk Cargo","description":"Miku\u0161 Transport specializes in transport of fine bulk cargo across Europe. From crushed materials to powders and granule.","robots":{"index":"index","follow":"follow","max-snippet":"max-snippet:-1","max-image-preview":"max-image-preview:large","max-video-preview":"max-video-preview:-1"},"canonical":"https:\/\/mikus-transport.com\/sl\/bulk-cargo\/","og_locale":"sl_SI","og_type":"article","og_title":"Miku\u0161 d.o.o. Transport and Logistics: Bulk Cargo","og_description":"Miku\u0161 Transport specializes in transport of fine bulk cargo across Europe. From crushed materials to powders and granule.","og_url":"https:\/\/mikus-transport.com\/sl\/bulk-cargo\/","og_site_name":"mikus-transport.com","article_modified_time":"2025-03-22T22:02:43+00:00","og_image":[{"url":"https:\/\/mikus-transport.com\/wp-content\/uploads\/2024\/08\/truck.png","type":"","width":"","height":""}],"twitter_card":"summary_large_image","twitter_misc":{"Est. reading time":"1 minuta"},"schema":{"@context":"https:\/\/schema.org","@graph":[{"@type":"WebPage","@id":"https:\/\/mikus-transport.com\/bulk-cargo\/","url":"https:\/\/mikus-transport.com\/bulk-cargo\/","name":"Miku\u0161 d.o.o. Transport and Logistics: Bulk Cargo","isPartOf":{"@id":"https:\/\/mikus-transport.com\/#website"},"primaryImageOfPage":{"@id":"https:\/\/mikus-transport.com\/bulk-cargo\/#primaryimage"},"image":{"@id":"https:\/\/mikus-transport.com\/bulk-cargo\/#primaryimage"},"thumbnailUrl":"https:\/\/mikus-transport.com\/wp-content\/uploads\/2024\/08\/truck.png","datePublished":"2024-08-10T14:23:26+00:00","dateModified":"2025-03-22T22:02:43+00:00","description":"Miku\u0161 Transport specializes in transport of fine bulk cargo across Europe. From crushed materials to powders and granule.","breadcrumb":{"@id":"https:\/\/mikus-transport.com\/bulk-cargo\/#breadcrumb"},"inLanguage":"sl-SI","potentialAction":[{"@type":"ReadAction","target":["https:\/\/mikus-transport.com\/bulk-cargo\/"]}]},{"@type":"ImageObject","inLanguage":"sl-SI","@id":"https:\/\/mikus-transport.com\/bulk-cargo\/#primaryimage","url":"https:\/\/mikus-transport.com\/wp-content\/uploads\/2024\/08\/truck.png","contentUrl":"https:\/\/mikus-transport.com\/wp-content\/uploads\/2024\/08\/truck.png"},{"@type":"BreadcrumbList","@id":"https:\/\/mikus-transport.com\/bulk-cargo\/#breadcrumb","itemListElement":[{"@type":"ListItem","position":1,"name":"Home","item":"https:\/\/mikus-transport.com\/"},{"@type":"ListItem","position":2,"name":"Bulk Cargo"}]},{"@type":"WebSite","@id":"https:\/\/mikus-transport.com\/#website","url":"https:\/\/mikus-transport.com\/","name":"prevoz miku\u0161","description":"Looking for reliable road transport in Slovenia? Miku\u0161 Transport offers pallet, bulk, and compact cargo shipping across Europe with over 18 years of trusted experience.","publisher":{"@id":"https:\/\/mikus-transport.com\/#organization"},"potentialAction":[{"@type":"SearchAction","target":{"@type":"EntryPoint","urlTemplate":"https:\/\/mikus-transport.com\/?s={search_term_string}"},"query-input":{"@type":"PropertyValueSpecification","valueRequired":true,"valueName":"search_term_string"}}],"inLanguage":"sl-SI"},{"@type":"Organization","@id":"https:\/\/mikus-transport.com\/#organization","name":"prevoz miku\u0161","url":"https:\/\/mikus-transport.com\/","logo":{"@type":"ImageObject","inLanguage":"sl-SI","@id":"https:\/\/mikus-transport.com\/#\/schema\/logo\/image\/","url":"https:\/\/mikus-transport.com\/wp-content\/uploads\/2025\/02\/Artboard-1-copy-4.png","contentUrl":"https:\/\/mikus-transport.com\/wp-content\/uploads\/2025\/02\/Artboard-1-copy-4.png","width":1250,"height":1251,"caption":"miku\u0161 transport"},"image":{"@id":"https:\/\/mikus-transport.com\/#\/schema\/logo\/image\/"}}]}},"jetpack_sharing_enabled":true,"_links":{"self":[{"href":"https:\/\/mikus-transport.com\/sl\/wp-json\/wp\/v2\/pages\/136","targetHints":{"allow":["GET"]}}],"collection":[{"href":"https:\/\/mikus-transport.com\/sl\/wp-json\/wp\/v2\/pages"}],"about":[{"href":"https:\/\/mikus-transport.com\/sl\/wp-json\/wp\/v2\/types\/page"}],"author":[{"embeddable":true,"href":"https:\/\/mikus-transport.com\/sl\/wp-json\/wp\/v2\/users\/1"}],"replies":[{"embeddable":true,"href":"https:\/\/mikus-transport.com\/sl\/wp-json\/wp\/v2\/comments?post=136"}],"version-history":[{"count":12,"href":"https:\/\/mikus-transport.com\/sl\/wp-json\/wp\/v2\/pages\/136\/revisions"}],"predecessor-version":[{"id":388,"href":"https:\/\/mikus-transport.com\/sl\/wp-json\/wp\/v2\/pages\/136\/revisions\/388"}],"wp:attachment":[{"href":"https:\/\/mikus-transport.com\/sl\/wp-json\/wp\/v2\/media?parent=136"}],"curies":[{"name":"wp","href":"https:\/\/api.w.org\/{rel}","templated":true}]}}