{"id":133,"date":"2024-08-10T14:21:19","date_gmt":"2024-08-10T14:21:19","guid":{"rendered":"https:\/\/mikus-transport.com\/?page_id=133"},"modified":"2025-03-22T23:03:14","modified_gmt":"2025-03-22T22:03:14","slug":"pallet-transport","status":"publish","type":"page","link":"https:\/\/mikus-transport.com\/sl\/pallet-transport\/","title":{"rendered":"Paletni prevoz"},"content":{"rendered":"<div class=\"wp-block-columns is-layout-flex wp-container-core-columns-is-layout-28f84493 wp-block-columns-is-layout-flex\">\n<div class=\"wp-block-column is-layout-flow wp-block-column-is-layout-flow\" style=\"flex-basis:25%\"><\/div>\n\n\n\n<div class=\"wp-block-column is-layout-flow wp-block-column-is-layout-flow\" style=\"flex-basis:50%\">\n<figure class=\"wp-block-image aligncenter size-full is-resized lemmony-animation\" style=\"--lemmony-animation-name:lemmonyFadeIn\"><img data-recalc-dims=\"1\" loading=\"lazy\" decoding=\"async\" width=\"512\" height=\"512\" src=\"https:\/\/i0.wp.com\/mikus-transport.com\/wp-content\/uploads\/2024\/08\/pallet.png?resize=512%2C512&#038;ssl=1\" alt=\"Pallet Transport icon.\" class=\"wp-image-182\" style=\"width:191px;height:auto\" srcset=\"https:\/\/i0.wp.com\/mikus-transport.com\/wp-content\/uploads\/2024\/08\/pallet.png?w=512&amp;ssl=1 512w, https:\/\/i0.wp.com\/mikus-transport.com\/wp-content\/uploads\/2024\/08\/pallet.png?resize=300%2C300&amp;ssl=1 300w, https:\/\/i0.wp.com\/mikus-transport.com\/wp-content\/uploads\/2024\/08\/pallet.png?resize=150%2C150&amp;ssl=1 150w\" sizes=\"auto, (max-width: 512px) 100vw, 512px\" \/><\/figure>\n<\/div>\n\n\n\n<div class=\"wp-block-column is-layout-flow wp-block-column-is-layout-flow\" style=\"flex-basis:25%\"><\/div>\n<\/div>\n\n\n\n<div class=\"wp-block-group has-global-padding is-layout-constrained wp-block-group-is-layout-constrained\">\n<div class=\"wp-block-columns is-layout-flex wp-container-core-columns-is-layout-28f84493 wp-block-columns-is-layout-flex\">\n<div class=\"wp-block-column is-layout-flow wp-block-column-is-layout-flow\" style=\"flex-basis:100%\">\n<div class=\"wp-block-group alignfull is-layout-flow wp-block-group-is-layout-flow\">\n<div class=\"wp-block-group alignfull has-global-padding is-layout-constrained wp-container-core-group-is-layout-40b5fae2 wp-block-group-is-layout-constrained\" style=\"padding-top:var(--wp--preset--spacing--superbspacing-xxlarge);padding-right:var(--wp--preset--spacing--superbspacing-small);padding-bottom:var(--wp--preset--spacing--superbspacing-xxlarge);padding-left:var(--wp--preset--spacing--superbspacing-small)\">\n<h4 class=\"wp-block-heading has-text-align-center has-primary-color has-text-color has-superbfont-xxsmall-font-size\" style=\"font-style:normal;font-weight:700;letter-spacing:5px;text-transform:uppercase\">kaj po\u010dnemo!<\/h4>\n\n\n\n<div class=\"wp-block-group is-layout-flow wp-container-core-group-is-layout-3fbca637 wp-block-group-is-layout-flow\">\n<p class=\"has-text-align-center has-superbfont-small-font-size\">Pri Miku\u0161 Transport smo specializirani za <strong>paletni transport<\/strong>, ki zagotavlja, da se z vsako po\u0161iljko \u2013 veliko ali majhno \u2013 ravna skrbno in u\u010dinkovito. Ali potrebujete prevoz <strong>standardne, prevelike palete ali palete visoke vrednosti<\/strong>, zagotavljajo na\u0161e logisti\u010dne re\u0161itve <strong>zanesljivo in stro\u0161kovno u\u010dinkovito<\/strong> dostavo po Evropi.<\/p>\n\n\n\n<p class=\"has-text-align-center\">Na\u0161a <strong>moderna flota<\/strong> optimizira prostor, hkrati pa ohranja va\u0161 tovor <strong>varen in stabilen<\/strong>. Ponujamo <strong>prilagodljive mo\u017enosti prevoza<\/strong>, vklju\u010dno z <strong>delnimi in polnimi nakladi<\/strong>, prilagojen va\u0161im posebnim potrebam.<\/p>\n\n\n\n<p class=\"has-text-align-center\">Paletizirane po\u0161iljke zahtevajo <strong>natan\u010dnost in strokovnost<\/strong>. Na\u0161a izku\u0161ena ekipa zagotavlja <strong>varno nakladanje, varen transport in pravo\u010dasno dostavo<\/strong>. Z <strong>naprednim sledenjem<\/strong> in <strong>namensko podporo strankam<\/strong>, imate popolno vidljivost svojega blaga med prevozom.<\/p>\n\n\n\n<p class=\"has-text-align-center has-superbfont-small-font-size\">Pri Miku\u0161 Transportu dajemo prioritete <strong>u\u010dinkovitost in prilagodljivost<\/strong> brez ogro\u017eanja kakovosti. Ne glede na to, ali ste <strong>majhno podjetje ali velika korporacija<\/strong>, zaupajte nam prevoz va\u0161ega paletiziranega blaga <strong>varno in u\u010dinkovito po vsej Evropi<\/strong>.<\/p>\n<\/div>\n<\/div>\n<\/div>\n<\/div>\n<\/div>\n<\/div>\n\n\n\n<div class=\"wp-block-buttons is-layout-flex wp-block-buttons-is-layout-flex\">\n<div class=\"wp-block-button\"><a class=\"wp-block-button__link has-body-color has-transparent-background-color has-text-color has-background has-link-color wp-element-button\" href=\"https:\/\/mikus-transport.com\/sl\/services\/\">\u2190 Pojdi nazaj<\/a><\/div>\n<\/div>","protected":false},"excerpt":{"rendered":"<p>what we do! At Miku\u0161 Transport, we specialize in pallet transport, ensuring that every shipment\u2014big or small\u2014is handled with care and efficiency. Whether you need to transport standard, oversized, or high-value pallets, our logistics solutions provide safe, reliable, and cost-effective delivery across Europe. Our modern fleet optimizes space while keeping your cargo secure and stable. [&hellip;]<\/p>\n","protected":false},"author":1,"featured_media":0,"parent":0,"menu_order":0,"comment_status":"closed","ping_status":"closed","template":"","meta":{"_monsterinsights_skip_tracking":false,"_monsterinsights_sitenote_active":false,"_monsterinsights_sitenote_note":"","_monsterinsights_sitenote_category":0,"footnotes":""},"class_list":["post-133","page","type-page","status-publish","hentry"],"yoast_head":"<!-- This site is optimized with the Yoast SEO plugin v27.5 - https:\/\/yoast.com\/product\/yoast-seo-wordpress\/ -->\n<title>Miku\u0161 d.o.o. Transport and Logistics: Pallet Transport<\/title>\n<meta name=\"description\" content=\"Miku\u0161 Transport offers reliable and effective pallet transport across Europe. We offer flexible logistics solutions for all palletized goods.\" \/>\n<meta name=\"robots\" content=\"index, follow, max-snippet:-1, max-image-preview:large, max-video-preview:-1\" \/>\n<link rel=\"canonical\" href=\"https:\/\/mikus-transport.com\/sl\/pallet-transport\/\" \/>\n<meta property=\"og:locale\" content=\"sl_SI\" \/>\n<meta property=\"og:type\" content=\"article\" \/>\n<meta property=\"og:title\" content=\"Miku\u0161 d.o.o. Transport and Logistics: Pallet Transport\" \/>\n<meta property=\"og:description\" content=\"Miku\u0161 Transport offers reliable and effective pallet transport across Europe. We offer flexible logistics solutions for all palletized goods.\" \/>\n<meta property=\"og:url\" content=\"https:\/\/mikus-transport.com\/sl\/pallet-transport\/\" \/>\n<meta property=\"og:site_name\" content=\"mikus-transport.com\" \/>\n<meta property=\"article:modified_time\" content=\"2025-03-22T22:03:14+00:00\" \/>\n<meta property=\"og:image\" content=\"https:\/\/mikus-transport.com\/wp-content\/uploads\/2024\/08\/pallet.png\" \/>\n<meta name=\"twitter:card\" content=\"summary_large_image\" \/>\n<meta name=\"twitter:label1\" content=\"Est. reading time\" \/>\n\t<meta name=\"twitter:data1\" content=\"1 minuta\" \/>\n<script type=\"application\/ld+json\" class=\"yoast-schema-graph\">{\"@context\":\"https:\\\/\\\/schema.org\",\"@graph\":[{\"@type\":\"WebPage\",\"@id\":\"https:\\\/\\\/mikus-transport.com\\\/pallet-transport\\\/\",\"url\":\"https:\\\/\\\/mikus-transport.com\\\/pallet-transport\\\/\",\"name\":\"Miku\u0161 d.o.o. Transport and Logistics: Pallet Transport\",\"isPartOf\":{\"@id\":\"https:\\\/\\\/mikus-transport.com\\\/#website\"},\"primaryImageOfPage\":{\"@id\":\"https:\\\/\\\/mikus-transport.com\\\/pallet-transport\\\/#primaryimage\"},\"image\":{\"@id\":\"https:\\\/\\\/mikus-transport.com\\\/pallet-transport\\\/#primaryimage\"},\"thumbnailUrl\":\"https:\\\/\\\/mikus-transport.com\\\/wp-content\\\/uploads\\\/2024\\\/08\\\/pallet.png\",\"datePublished\":\"2024-08-10T14:21:19+00:00\",\"dateModified\":\"2025-03-22T22:03:14+00:00\",\"description\":\"Miku\u0161 Transport offers reliable and effective pallet transport across Europe. We offer flexible logistics solutions for all palletized goods.\",\"breadcrumb\":{\"@id\":\"https:\\\/\\\/mikus-transport.com\\\/pallet-transport\\\/#breadcrumb\"},\"inLanguage\":\"sl-SI\",\"potentialAction\":[{\"@type\":\"ReadAction\",\"target\":[\"https:\\\/\\\/mikus-transport.com\\\/pallet-transport\\\/\"]}]},{\"@type\":\"ImageObject\",\"inLanguage\":\"sl-SI\",\"@id\":\"https:\\\/\\\/mikus-transport.com\\\/pallet-transport\\\/#primaryimage\",\"url\":\"https:\\\/\\\/mikus-transport.com\\\/wp-content\\\/uploads\\\/2024\\\/08\\\/pallet.png\",\"contentUrl\":\"https:\\\/\\\/mikus-transport.com\\\/wp-content\\\/uploads\\\/2024\\\/08\\\/pallet.png\"},{\"@type\":\"BreadcrumbList\",\"@id\":\"https:\\\/\\\/mikus-transport.com\\\/pallet-transport\\\/#breadcrumb\",\"itemListElement\":[{\"@type\":\"ListItem\",\"position\":1,\"name\":\"Home\",\"item\":\"https:\\\/\\\/mikus-transport.com\\\/\"},{\"@type\":\"ListItem\",\"position\":2,\"name\":\"Pallet Transport\"}]},{\"@type\":\"WebSite\",\"@id\":\"https:\\\/\\\/mikus-transport.com\\\/#website\",\"url\":\"https:\\\/\\\/mikus-transport.com\\\/\",\"name\":\"miku\u0161 transport\",\"description\":\"Looking for reliable road transport in Slovenia? Miku\u0161 Transport offers pallet, bulk, and compact cargo shipping across Europe with over 18 years of trusted experience.\",\"publisher\":{\"@id\":\"https:\\\/\\\/mikus-transport.com\\\/#organization\"},\"potentialAction\":[{\"@type\":\"SearchAction\",\"target\":{\"@type\":\"EntryPoint\",\"urlTemplate\":\"https:\\\/\\\/mikus-transport.com\\\/?s={search_term_string}\"},\"query-input\":{\"@type\":\"PropertyValueSpecification\",\"valueRequired\":true,\"valueName\":\"search_term_string\"}}],\"inLanguage\":\"sl-SI\"},{\"@type\":\"Organization\",\"@id\":\"https:\\\/\\\/mikus-transport.com\\\/#organization\",\"name\":\"miku\u0161 transport\",\"url\":\"https:\\\/\\\/mikus-transport.com\\\/\",\"logo\":{\"@type\":\"ImageObject\",\"inLanguage\":\"sl-SI\",\"@id\":\"https:\\\/\\\/mikus-transport.com\\\/#\\\/schema\\\/logo\\\/image\\\/\",\"url\":\"https:\\\/\\\/mikus-transport.com\\\/wp-content\\\/uploads\\\/2025\\\/02\\\/Artboard-1-copy-4.png\",\"contentUrl\":\"https:\\\/\\\/mikus-transport.com\\\/wp-content\\\/uploads\\\/2025\\\/02\\\/Artboard-1-copy-4.png\",\"width\":1250,\"height\":1251,\"caption\":\"miku\u0161 transport\"},\"image\":{\"@id\":\"https:\\\/\\\/mikus-transport.com\\\/#\\\/schema\\\/logo\\\/image\\\/\"}}]}<\/script>\n<!-- \/ Yoast SEO plugin. -->","yoast_head_json":{"title":"Miku\u0161 d.o.o. Transport and Logistics: Pallet Transport","description":"Miku\u0161 Transport offers reliable and effective pallet transport across Europe. We offer flexible logistics solutions for all palletized goods.","robots":{"index":"index","follow":"follow","max-snippet":"max-snippet:-1","max-image-preview":"max-image-preview:large","max-video-preview":"max-video-preview:-1"},"canonical":"https:\/\/mikus-transport.com\/sl\/pallet-transport\/","og_locale":"sl_SI","og_type":"article","og_title":"Miku\u0161 d.o.o. Transport and Logistics: Pallet Transport","og_description":"Miku\u0161 Transport offers reliable and effective pallet transport across Europe. We offer flexible logistics solutions for all palletized goods.","og_url":"https:\/\/mikus-transport.com\/sl\/pallet-transport\/","og_site_name":"mikus-transport.com","article_modified_time":"2025-03-22T22:03:14+00:00","og_image":[{"url":"https:\/\/mikus-transport.com\/wp-content\/uploads\/2024\/08\/pallet.png","type":"","width":"","height":""}],"twitter_card":"summary_large_image","twitter_misc":{"Est. reading time":"1 minuta"},"schema":{"@context":"https:\/\/schema.org","@graph":[{"@type":"WebPage","@id":"https:\/\/mikus-transport.com\/pallet-transport\/","url":"https:\/\/mikus-transport.com\/pallet-transport\/","name":"Miku\u0161 d.o.o. Transport and Logistics: Pallet Transport","isPartOf":{"@id":"https:\/\/mikus-transport.com\/#website"},"primaryImageOfPage":{"@id":"https:\/\/mikus-transport.com\/pallet-transport\/#primaryimage"},"image":{"@id":"https:\/\/mikus-transport.com\/pallet-transport\/#primaryimage"},"thumbnailUrl":"https:\/\/mikus-transport.com\/wp-content\/uploads\/2024\/08\/pallet.png","datePublished":"2024-08-10T14:21:19+00:00","dateModified":"2025-03-22T22:03:14+00:00","description":"Miku\u0161 Transport offers reliable and effective pallet transport across Europe. We offer flexible logistics solutions for all palletized goods.","breadcrumb":{"@id":"https:\/\/mikus-transport.com\/pallet-transport\/#breadcrumb"},"inLanguage":"sl-SI","potentialAction":[{"@type":"ReadAction","target":["https:\/\/mikus-transport.com\/pallet-transport\/"]}]},{"@type":"ImageObject","inLanguage":"sl-SI","@id":"https:\/\/mikus-transport.com\/pallet-transport\/#primaryimage","url":"https:\/\/mikus-transport.com\/wp-content\/uploads\/2024\/08\/pallet.png","contentUrl":"https:\/\/mikus-transport.com\/wp-content\/uploads\/2024\/08\/pallet.png"},{"@type":"BreadcrumbList","@id":"https:\/\/mikus-transport.com\/pallet-transport\/#breadcrumb","itemListElement":[{"@type":"ListItem","position":1,"name":"Home","item":"https:\/\/mikus-transport.com\/"},{"@type":"ListItem","position":2,"name":"Pallet Transport"}]},{"@type":"WebSite","@id":"https:\/\/mikus-transport.com\/#website","url":"https:\/\/mikus-transport.com\/","name":"prevoz miku\u0161","description":"Looking for reliable road transport in Slovenia? Miku\u0161 Transport offers pallet, bulk, and compact cargo shipping across Europe with over 18 years of trusted experience.","publisher":{"@id":"https:\/\/mikus-transport.com\/#organization"},"potentialAction":[{"@type":"SearchAction","target":{"@type":"EntryPoint","urlTemplate":"https:\/\/mikus-transport.com\/?s={search_term_string}"},"query-input":{"@type":"PropertyValueSpecification","valueRequired":true,"valueName":"search_term_string"}}],"inLanguage":"sl-SI"},{"@type":"Organization","@id":"https:\/\/mikus-transport.com\/#organization","name":"prevoz miku\u0161","url":"https:\/\/mikus-transport.com\/","logo":{"@type":"ImageObject","inLanguage":"sl-SI","@id":"https:\/\/mikus-transport.com\/#\/schema\/logo\/image\/","url":"https:\/\/mikus-transport.com\/wp-content\/uploads\/2025\/02\/Artboard-1-copy-4.png","contentUrl":"https:\/\/mikus-transport.com\/wp-content\/uploads\/2025\/02\/Artboard-1-copy-4.png","width":1250,"height":1251,"caption":"miku\u0161 transport"},"image":{"@id":"https:\/\/mikus-transport.com\/#\/schema\/logo\/image\/"}}]}},"jetpack_sharing_enabled":true,"_links":{"self":[{"href":"https:\/\/mikus-transport.com\/sl\/wp-json\/wp\/v2\/pages\/133","targetHints":{"allow":["GET"]}}],"collection":[{"href":"https:\/\/mikus-transport.com\/sl\/wp-json\/wp\/v2\/pages"}],"about":[{"href":"https:\/\/mikus-transport.com\/sl\/wp-json\/wp\/v2\/types\/page"}],"author":[{"embeddable":true,"href":"https:\/\/mikus-transport.com\/sl\/wp-json\/wp\/v2\/users\/1"}],"replies":[{"embeddable":true,"href":"https:\/\/mikus-transport.com\/sl\/wp-json\/wp\/v2\/comments?post=133"}],"version-history":[{"count":13,"href":"https:\/\/mikus-transport.com\/sl\/wp-json\/wp\/v2\/pages\/133\/revisions"}],"predecessor-version":[{"id":389,"href":"https:\/\/mikus-transport.com\/sl\/wp-json\/wp\/v2\/pages\/133\/revisions\/389"}],"wp:attachment":[{"href":"https:\/\/mikus-transport.com\/sl\/wp-json\/wp\/v2\/media?parent=133"}],"curies":[{"name":"wp","href":"https:\/\/api.w.org\/{rel}","templated":true}]}}