{"id":13,"date":"2024-08-06T15:34:07","date_gmt":"2024-08-06T15:34:07","guid":{"rendered":"https:\/\/mikus-transport.com\/?page_id=13"},"modified":"2025-07-27T16:02:25","modified_gmt":"2025-07-27T14:02:25","slug":"services","status":"publish","type":"page","link":"https:\/\/mikus-transport.com\/sl\/services\/","title":{"rendered":"Storitve"},"content":{"rendered":"<div class=\"nfd-container nfd-bg-surface nfd-theme-white is-style-nfd-theme-white wp-block-group has-global-padding is-layout-constrained wp-container-core-group-is-layout-19e250f3 wp-block-group-is-layout-constrained\">\n<div class=\"wp-block-columns is-layout-flex wp-container-core-columns-is-layout-28232c24 wp-block-columns-is-layout-flex\">\n<div class=\"md:nfd-order-2 nfd-p-card-square-lg wp-block-column is-vertically-aligned-center lemmony-animation is-layout-flow wp-container-core-column-is-layout-8eebadab wp-block-column-is-layout-flow\" style=\"--lemmony-animation-name:lemmonyFadeIn\">\n<h3 class=\"nfd-text-xl nfd-text-contrast nfd-text-balance wp-block-heading\">Paletni prevoz<\/h3>\n\n\n\n<div class=\"nfd-text-faded wp-block-group has-global-padding is-content-justification-left is-layout-constrained wp-container-core-group-is-layout-7526a028 wp-block-group-is-layout-constrained\">\n<p class=\"\">V podjetju Miku\u0161 Transport zagotavljamo zanesljive in varne prevoze paletnega tovora po Evropi. Na\u0161e prilagojene logisti\u010dne re\u0161itve zagotavljajo, da va\u0161e po\u0161iljke prispejo pravo\u010dasno, ne glede na to, ali gre za eno paleto ali poln tovornjak. <\/p>\n\n\n\n<p class=\"\">Z naprednimi sistemi sledenja in izku\u0161enimi vozniki dajemo prednost varnosti in u\u010dinkovitosti va\u0161ih dostav.<\/p>\n<\/div>\n\n\n\n<div class=\"wp-block-buttons is-content-justification-left is-layout-flex wp-container-core-buttons-is-layout-fc4fd283 wp-block-buttons-is-layout-flex\">\n<div class=\"wp-block-button lemmony-animation\" style=\"--lemmony-animation-name:lemmonyFadeIn\"><a class=\"wp-block-button__link has-transparent-background-color has-text-color has-background has-link-color wp-element-button\" href=\"https:\/\/mikus-transport.com\/sl\/pallet-transport\/\" style=\"border-style:none;border-width:0px;color:#be1e2d;padding-right:0;padding-left:0\"><mark style=\"background-color:rgba(0, 0, 0, 0)\" class=\"has-inline-color has-primary-color\">Preberi ve\u010d<\/mark><\/a><\/div>\n<\/div>\n<\/div>\n\n\n\n<div class=\"wp-block-column is-vertically-aligned-center is-layout-flow wp-container-core-column-is-layout-8a368f38 wp-block-column-is-layout-flow\" style=\"flex-basis:50%\">\n<div class=\"wp-block-group has-global-padding is-layout-constrained wp-block-group-is-layout-constrained\">\n<figure class=\"wp-block-image size-full has-custom-border lemmony-animation\" style=\"--lemmony-animation-name:lemmonyFadeIn\"><img data-recalc-dims=\"1\" decoding=\"async\" src=\"https:\/\/i0.wp.com\/mikus-transport.com\/wp-content\/uploads\/2024\/08\/MikusTr-8.jpg?ssl=1\" alt=\"Mikus Transport truck on the road \u2013 road transport Slovenia\" class=\"wp-image-157\" style=\"border-style:none;border-width:0px;border-top-left-radius:0px;border-top-right-radius:240px;border-bottom-left-radius:0px;border-bottom-right-radius:0px;aspect-ratio:1;object-fit:cover\"\/><\/figure>\n<\/div>\n<\/div>\n<\/div>\n\n\n\n<div class=\"wp-block-columns is-layout-flex wp-container-core-columns-is-layout-28232c24 wp-block-columns-is-layout-flex\">\n<div class=\"wp-block-column is-vertically-aligned-top is-layout-flow wp-block-column-is-layout-flow\" style=\"flex-basis:50%\">\n<div class=\"wp-block-group has-global-padding is-content-justification-center is-layout-constrained wp-block-group-is-layout-constrained\">\n<figure class=\"wp-block-image size-large has-custom-border lemmony-animation\" style=\"--lemmony-animation-name:lemmonyFadeIn\"><img data-recalc-dims=\"1\" loading=\"lazy\" decoding=\"async\" width=\"1024\" height=\"683\" src=\"https:\/\/i0.wp.com\/mikus-transport.com\/wp-content\/uploads\/2024\/08\/MikusTr-5-2.jpg?resize=1024%2C683&#038;ssl=1\" alt=\"Mikus Transport truck on the road \u2013 road transport Slovenia\" class=\"wp-image-170\" style=\"border-top-left-radius:240px;aspect-ratio:1;object-fit:cover\" srcset=\"https:\/\/i0.wp.com\/mikus-transport.com\/wp-content\/uploads\/2024\/08\/MikusTr-5-2-scaled.jpg?resize=1024%2C683&amp;ssl=1 1024w, https:\/\/i0.wp.com\/mikus-transport.com\/wp-content\/uploads\/2024\/08\/MikusTr-5-2-scaled.jpg?resize=300%2C200&amp;ssl=1 300w, https:\/\/i0.wp.com\/mikus-transport.com\/wp-content\/uploads\/2024\/08\/MikusTr-5-2-scaled.jpg?resize=768%2C512&amp;ssl=1 768w, https:\/\/i0.wp.com\/mikus-transport.com\/wp-content\/uploads\/2024\/08\/MikusTr-5-2-scaled.jpg?resize=1536%2C1024&amp;ssl=1 1536w, https:\/\/i0.wp.com\/mikus-transport.com\/wp-content\/uploads\/2024\/08\/MikusTr-5-2-scaled.jpg?w=2000&amp;ssl=1 2000w\" sizes=\"auto, (max-width: 1000px) 100vw, 1000px\" \/><\/figure>\n<\/div>\n<\/div>\n\n\n\n<div class=\"md:nfd-order-2 nfd-p-card-square-lg wp-block-column is-vertically-aligned-center lemmony-animation is-layout-flow wp-container-core-column-is-layout-8eebadab wp-block-column-is-layout-flow\" style=\"--lemmony-animation-name:lemmonyFadeIn\">\n<h3 class=\"nfd-text-xl nfd-text-contrast nfd-text-balance wp-block-heading\">Razsuti tovor<\/h3>\n\n\n\n<div class=\"nfd-text-faded wp-block-group has-global-padding is-content-justification-left is-layout-constrained wp-container-core-group-is-layout-7526a028 wp-block-group-is-layout-constrained\">\n<p class=\"\">V Miku\u0161 Transport smo specializirani za varen in u\u010dinkovit prevoz drobnega razsutega tovora po Evropi. <\/p>\n\n\n\n<p class=\"\">Od zdrobljenih materialov do pra\u0161kov in granul zagotavljamo, da se z va\u0161im blagom ravna skrbno in natan\u010dno ter zagotavlja prilagojene re\u0161itve za izpolnjevanje va\u0161ih posebnih potreb.<\/p>\n<\/div>\n\n\n\n<div class=\"wp-block-buttons is-content-justification-right is-layout-flex wp-container-core-buttons-is-layout-d445cf74 wp-block-buttons-is-layout-flex\">\n<div class=\"wp-block-button lemmony-animation\" style=\"--lemmony-animation-name:lemmonyFadeIn\"><a class=\"wp-block-button__link has-body-color has-transparent-background-color has-text-color has-background has-link-color has-text-align-right wp-element-button\" href=\"https:\/\/mikus-transport.com\/sl\/bulk-cargo\/\" style=\"padding-right:var(--wp--preset--spacing--20);padding-left:var(--wp--preset--spacing--20)\">Preberi ve\u010d<\/a><\/div>\n<\/div>\n<\/div>\n<\/div>\n\n\n\n<div class=\"wp-block-columns is-layout-flex wp-container-core-columns-is-layout-28232c24 wp-block-columns-is-layout-flex\">\n<div class=\"md:nfd-order-2 nfd-p-card-square-lg wp-block-column is-vertically-aligned-center lemmony-animation is-layout-flow wp-container-core-column-is-layout-8eebadab wp-block-column-is-layout-flow\" style=\"--lemmony-animation-name:lemmonyFadeIn\">\n<h3 class=\"nfd-text-xl nfd-text-contrast nfd-text-balance wp-block-heading\">Kompakten transport tovora<\/h3>\n\n\n\n<div class=\"nfd-text-faded wp-block-group has-global-padding is-content-justification-left is-layout-constrained wp-container-core-group-is-layout-7526a028 wp-block-group-is-layout-constrained\">\n<p class=\"\">Ko se \u0161irimo na podro\u010dje prevoza kompaktnih tovorov, nudimo specializirane storitve po vsej Evropi. <\/p>\n\n\n\n<p class=\"\">Ne glede na to, ali po\u0161iljate manj\u0161e koli\u010dine, na\u0161e prilagojene re\u0161itve omogo\u010dajo varno in u\u010dinkovito dostavo s popolno vidljivostjo med celotno potjo.<\/p>\n<\/div>\n\n\n\n<div class=\"wp-block-buttons is-layout-flex wp-block-buttons-is-layout-flex\">\n<div class=\"wp-block-button lemmony-animation\" style=\"--lemmony-animation-name:lemmonyFadeIn\"><a class=\"wp-block-button__link has-transparent-background-color has-text-color has-background has-link-color wp-element-button\" href=\"https:\/\/mikus-transport.com\/sl\/compact-load-transport\/\" style=\"color:#be1e2d;padding-right:0;padding-left:0\"><mark style=\"background-color:rgba(0, 0, 0, 0)\" class=\"has-inline-color has-primary-color\">Preberi ve\u010d<\/mark><\/a><\/div>\n<\/div>\n<\/div>\n\n\n\n<div class=\"wp-block-column is-vertically-aligned-top is-layout-flow wp-container-core-column-is-layout-8a368f38 wp-block-column-is-layout-flow\" style=\"flex-basis:50%\">\n<div class=\"wp-block-group has-global-padding is-layout-constrained wp-block-group-is-layout-constrained\">\n<figure class=\"wp-block-image size-large has-custom-border lemmony-animation\" style=\"--lemmony-animation-name:lemmonyFadeIn\"><img data-recalc-dims=\"1\" loading=\"lazy\" decoding=\"async\" width=\"1024\" height=\"683\" src=\"https:\/\/i0.wp.com\/mikus-transport.com\/wp-content\/uploads\/2024\/08\/MikusTr-1.jpg?resize=1024%2C683&#038;ssl=1\" alt=\"Mikus Transport truck on the road \u2013 road transport Slovenia\" class=\"wp-image-153\" style=\"border-top-left-radius:0px;border-top-right-radius:0px;border-bottom-left-radius:0px;border-bottom-right-radius:240px;aspect-ratio:1;object-fit:cover\" srcset=\"https:\/\/i0.wp.com\/mikus-transport.com\/wp-content\/uploads\/2024\/08\/MikusTr-1-scaled.jpg?resize=1024%2C683&amp;ssl=1 1024w, https:\/\/i0.wp.com\/mikus-transport.com\/wp-content\/uploads\/2024\/08\/MikusTr-1-scaled.jpg?resize=300%2C200&amp;ssl=1 300w, https:\/\/i0.wp.com\/mikus-transport.com\/wp-content\/uploads\/2024\/08\/MikusTr-1-scaled.jpg?resize=768%2C512&amp;ssl=1 768w, https:\/\/i0.wp.com\/mikus-transport.com\/wp-content\/uploads\/2024\/08\/MikusTr-1-scaled.jpg?resize=1536%2C1024&amp;ssl=1 1536w, https:\/\/i0.wp.com\/mikus-transport.com\/wp-content\/uploads\/2024\/08\/MikusTr-1-scaled.jpg?w=2000&amp;ssl=1 2000w\" sizes=\"auto, (max-width: 1000px) 100vw, 1000px\" \/><\/figure>\n<\/div>\n<\/div>\n<\/div>\n<\/div>","protected":false},"excerpt":{"rendered":"<p>Pallet Transport At Miku\u0161 Transport, we provide reliable and secure pallet transport across Europe. Our tailored logistics solutions ensure that your shipments arrive on time and in perfect condition, whether it&#8217;s a single pallet or a full truckload. With advanced tracking systems and experienced drivers, we prioritize the safety and efficiency of your deliveries. Bulk [&hellip;]<\/p>\n","protected":false},"author":1,"featured_media":0,"parent":0,"menu_order":0,"comment_status":"closed","ping_status":"closed","template":"","meta":{"_monsterinsights_skip_tracking":false,"_monsterinsights_sitenote_active":false,"_monsterinsights_sitenote_note":"","_monsterinsights_sitenote_category":0,"footnotes":""},"class_list":["post-13","page","type-page","status-publish","hentry"],"yoast_head":"<!-- This site is optimized with the Yoast SEO plugin v27.5 - https:\/\/yoast.com\/product\/yoast-seo-wordpress\/ -->\n<title>Miku\u0161 d.o.o. Transport and Logistics: Services<\/title>\n<meta name=\"description\" content=\"Explore our transport services, from freight logistics to cargo delivery. Mikus Transport ensures safety, quality, and on-time delivery.\" \/>\n<meta name=\"robots\" content=\"index, follow, max-snippet:-1, max-image-preview:large, max-video-preview:-1\" \/>\n<link rel=\"canonical\" href=\"https:\/\/mikus-transport.com\/sl\/services\/\" \/>\n<meta property=\"og:locale\" content=\"sl_SI\" \/>\n<meta property=\"og:type\" content=\"article\" \/>\n<meta property=\"og:title\" content=\"Miku\u0161 d.o.o. Transport and Logistics: Services\" \/>\n<meta property=\"og:description\" content=\"Explore our transport services, from freight logistics to cargo delivery. Mikus Transport ensures safety, quality, and on-time delivery.\" \/>\n<meta property=\"og:url\" content=\"https:\/\/mikus-transport.com\/sl\/services\/\" \/>\n<meta property=\"og:site_name\" content=\"mikus-transport.com\" \/>\n<meta property=\"article:modified_time\" content=\"2025-07-27T14:02:25+00:00\" \/>\n<meta property=\"og:image\" content=\"https:\/\/mikus-transport.com\/wp-content\/uploads\/2024\/08\/MikusTr-8.jpg\" \/>\n<meta name=\"twitter:card\" content=\"summary_large_image\" \/>\n<meta name=\"twitter:label1\" content=\"Est. reading time\" \/>\n\t<meta name=\"twitter:data1\" content=\"2 minuti\" \/>\n<script type=\"application\/ld+json\" class=\"yoast-schema-graph\">{\"@context\":\"https:\\\/\\\/schema.org\",\"@graph\":[{\"@type\":\"WebPage\",\"@id\":\"https:\\\/\\\/mikus-transport.com\\\/sl\\\/services\\\/\",\"url\":\"https:\\\/\\\/mikus-transport.com\\\/sl\\\/services\\\/\",\"name\":\"Miku\u0161 d.o.o. Transport and Logistics: Services\",\"isPartOf\":{\"@id\":\"https:\\\/\\\/mikus-transport.com\\\/#website\"},\"primaryImageOfPage\":{\"@id\":\"https:\\\/\\\/mikus-transport.com\\\/sl\\\/services\\\/#primaryimage\"},\"image\":{\"@id\":\"https:\\\/\\\/mikus-transport.com\\\/sl\\\/services\\\/#primaryimage\"},\"thumbnailUrl\":\"https:\\\/\\\/mikus-transport.com\\\/wp-content\\\/uploads\\\/2024\\\/08\\\/MikusTr-8.jpg\",\"datePublished\":\"2024-08-06T15:34:07+00:00\",\"dateModified\":\"2025-07-27T14:02:25+00:00\",\"description\":\"Explore our transport services, from freight logistics to cargo delivery. Mikus Transport ensures safety, quality, and on-time delivery.\",\"breadcrumb\":{\"@id\":\"https:\\\/\\\/mikus-transport.com\\\/sl\\\/services\\\/#breadcrumb\"},\"inLanguage\":\"sl-SI\",\"potentialAction\":[{\"@type\":\"ReadAction\",\"target\":[\"https:\\\/\\\/mikus-transport.com\\\/sl\\\/services\\\/\"]}]},{\"@type\":\"ImageObject\",\"inLanguage\":\"sl-SI\",\"@id\":\"https:\\\/\\\/mikus-transport.com\\\/sl\\\/services\\\/#primaryimage\",\"url\":\"https:\\\/\\\/mikus-transport.com\\\/wp-content\\\/uploads\\\/2024\\\/08\\\/MikusTr-8.jpg\",\"contentUrl\":\"https:\\\/\\\/mikus-transport.com\\\/wp-content\\\/uploads\\\/2024\\\/08\\\/MikusTr-8.jpg\"},{\"@type\":\"BreadcrumbList\",\"@id\":\"https:\\\/\\\/mikus-transport.com\\\/sl\\\/services\\\/#breadcrumb\",\"itemListElement\":[{\"@type\":\"ListItem\",\"position\":1,\"name\":\"Home\",\"item\":\"https:\\\/\\\/mikus-transport.com\\\/\"},{\"@type\":\"ListItem\",\"position\":2,\"name\":\"Services\"}]},{\"@type\":\"WebSite\",\"@id\":\"https:\\\/\\\/mikus-transport.com\\\/#website\",\"url\":\"https:\\\/\\\/mikus-transport.com\\\/\",\"name\":\"miku\u0161 transport\",\"description\":\"Looking for reliable road transport in Slovenia? Miku\u0161 Transport offers pallet, bulk, and compact cargo shipping across Europe with over 18 years of trusted experience.\",\"publisher\":{\"@id\":\"https:\\\/\\\/mikus-transport.com\\\/#organization\"},\"potentialAction\":[{\"@type\":\"SearchAction\",\"target\":{\"@type\":\"EntryPoint\",\"urlTemplate\":\"https:\\\/\\\/mikus-transport.com\\\/?s={search_term_string}\"},\"query-input\":{\"@type\":\"PropertyValueSpecification\",\"valueRequired\":true,\"valueName\":\"search_term_string\"}}],\"inLanguage\":\"sl-SI\"},{\"@type\":\"Organization\",\"@id\":\"https:\\\/\\\/mikus-transport.com\\\/#organization\",\"name\":\"miku\u0161 transport\",\"url\":\"https:\\\/\\\/mikus-transport.com\\\/\",\"logo\":{\"@type\":\"ImageObject\",\"inLanguage\":\"sl-SI\",\"@id\":\"https:\\\/\\\/mikus-transport.com\\\/#\\\/schema\\\/logo\\\/image\\\/\",\"url\":\"https:\\\/\\\/mikus-transport.com\\\/wp-content\\\/uploads\\\/2025\\\/02\\\/Artboard-1-copy-4.png\",\"contentUrl\":\"https:\\\/\\\/mikus-transport.com\\\/wp-content\\\/uploads\\\/2025\\\/02\\\/Artboard-1-copy-4.png\",\"width\":1250,\"height\":1251,\"caption\":\"miku\u0161 transport\"},\"image\":{\"@id\":\"https:\\\/\\\/mikus-transport.com\\\/#\\\/schema\\\/logo\\\/image\\\/\"}}]}<\/script>\n<!-- \/ Yoast SEO plugin. -->","yoast_head_json":{"title":"Miku\u0161 d.o.o. Transport and Logistics: Services","description":"Explore our transport services, from freight logistics to cargo delivery. Mikus Transport ensures safety, quality, and on-time delivery.","robots":{"index":"index","follow":"follow","max-snippet":"max-snippet:-1","max-image-preview":"max-image-preview:large","max-video-preview":"max-video-preview:-1"},"canonical":"https:\/\/mikus-transport.com\/sl\/services\/","og_locale":"sl_SI","og_type":"article","og_title":"Miku\u0161 d.o.o. Transport and Logistics: Services","og_description":"Explore our transport services, from freight logistics to cargo delivery. Mikus Transport ensures safety, quality, and on-time delivery.","og_url":"https:\/\/mikus-transport.com\/sl\/services\/","og_site_name":"mikus-transport.com","article_modified_time":"2025-07-27T14:02:25+00:00","og_image":[{"url":"https:\/\/mikus-transport.com\/wp-content\/uploads\/2024\/08\/MikusTr-8.jpg","type":"","width":"","height":""}],"twitter_card":"summary_large_image","twitter_misc":{"Est. reading time":"2 minuti"},"schema":{"@context":"https:\/\/schema.org","@graph":[{"@type":"WebPage","@id":"https:\/\/mikus-transport.com\/sl\/services\/","url":"https:\/\/mikus-transport.com\/sl\/services\/","name":"Miku\u0161 d.o.o. Transport and Logistics: Services","isPartOf":{"@id":"https:\/\/mikus-transport.com\/#website"},"primaryImageOfPage":{"@id":"https:\/\/mikus-transport.com\/sl\/services\/#primaryimage"},"image":{"@id":"https:\/\/mikus-transport.com\/sl\/services\/#primaryimage"},"thumbnailUrl":"https:\/\/mikus-transport.com\/wp-content\/uploads\/2024\/08\/MikusTr-8.jpg","datePublished":"2024-08-06T15:34:07+00:00","dateModified":"2025-07-27T14:02:25+00:00","description":"Explore our transport services, from freight logistics to cargo delivery. Mikus Transport ensures safety, quality, and on-time delivery.","breadcrumb":{"@id":"https:\/\/mikus-transport.com\/sl\/services\/#breadcrumb"},"inLanguage":"sl-SI","potentialAction":[{"@type":"ReadAction","target":["https:\/\/mikus-transport.com\/sl\/services\/"]}]},{"@type":"ImageObject","inLanguage":"sl-SI","@id":"https:\/\/mikus-transport.com\/sl\/services\/#primaryimage","url":"https:\/\/mikus-transport.com\/wp-content\/uploads\/2024\/08\/MikusTr-8.jpg","contentUrl":"https:\/\/mikus-transport.com\/wp-content\/uploads\/2024\/08\/MikusTr-8.jpg"},{"@type":"BreadcrumbList","@id":"https:\/\/mikus-transport.com\/sl\/services\/#breadcrumb","itemListElement":[{"@type":"ListItem","position":1,"name":"Home","item":"https:\/\/mikus-transport.com\/"},{"@type":"ListItem","position":2,"name":"Services"}]},{"@type":"WebSite","@id":"https:\/\/mikus-transport.com\/#website","url":"https:\/\/mikus-transport.com\/","name":"prevoz miku\u0161","description":"Looking for reliable road transport in Slovenia? Miku\u0161 Transport offers pallet, bulk, and compact cargo shipping across Europe with over 18 years of trusted experience.","publisher":{"@id":"https:\/\/mikus-transport.com\/#organization"},"potentialAction":[{"@type":"SearchAction","target":{"@type":"EntryPoint","urlTemplate":"https:\/\/mikus-transport.com\/?s={search_term_string}"},"query-input":{"@type":"PropertyValueSpecification","valueRequired":true,"valueName":"search_term_string"}}],"inLanguage":"sl-SI"},{"@type":"Organization","@id":"https:\/\/mikus-transport.com\/#organization","name":"prevoz miku\u0161","url":"https:\/\/mikus-transport.com\/","logo":{"@type":"ImageObject","inLanguage":"sl-SI","@id":"https:\/\/mikus-transport.com\/#\/schema\/logo\/image\/","url":"https:\/\/mikus-transport.com\/wp-content\/uploads\/2025\/02\/Artboard-1-copy-4.png","contentUrl":"https:\/\/mikus-transport.com\/wp-content\/uploads\/2025\/02\/Artboard-1-copy-4.png","width":1250,"height":1251,"caption":"miku\u0161 transport"},"image":{"@id":"https:\/\/mikus-transport.com\/#\/schema\/logo\/image\/"}}]}},"jetpack_sharing_enabled":true,"_links":{"self":[{"href":"https:\/\/mikus-transport.com\/sl\/wp-json\/wp\/v2\/pages\/13","targetHints":{"allow":["GET"]}}],"collection":[{"href":"https:\/\/mikus-transport.com\/sl\/wp-json\/wp\/v2\/pages"}],"about":[{"href":"https:\/\/mikus-transport.com\/sl\/wp-json\/wp\/v2\/types\/page"}],"author":[{"embeddable":true,"href":"https:\/\/mikus-transport.com\/sl\/wp-json\/wp\/v2\/users\/1"}],"replies":[{"embeddable":true,"href":"https:\/\/mikus-transport.com\/sl\/wp-json\/wp\/v2\/comments?post=13"}],"version-history":[{"count":20,"href":"https:\/\/mikus-transport.com\/sl\/wp-json\/wp\/v2\/pages\/13\/revisions"}],"predecessor-version":[{"id":421,"href":"https:\/\/mikus-transport.com\/sl\/wp-json\/wp\/v2\/pages\/13\/revisions\/421"}],"wp:attachment":[{"href":"https:\/\/mikus-transport.com\/sl\/wp-json\/wp\/v2\/media?parent=13"}],"curies":[{"name":"wp","href":"https:\/\/api.w.org\/{rel}","templated":true}]}}